{"id":119,"date":"2020-08-28T20:33:52","date_gmt":"2020-08-28T20:33:52","guid":{"rendered":"http:\/\/mamamodoon.com\/?page_id=119"},"modified":"2021-09-16T20:10:10","modified_gmt":"2021-09-16T20:10:10","slug":"about-this-site","status":"publish","type":"page","link":"https:\/\/mamamodoon.com\/index.php\/about-this-site\/","title":{"rendered":"About this Site"},"content":{"rendered":"\n<p>La interseccionalidad, el empowerment, la transformaci\u00f3n feminista especialmente en la maternidad y la corresponsabilidad en el trabajo del cuidado y crianza en el hogar, son algunos de los principios sobre los que se asienta MAM\u00c1 MODO ON.<\/p>\n\n\n\n<p>Por eso, en este espacio encontrar\u00e1s reflexiones, historias y vivencias sobre este hermoso y turbulento mundo de la maternidad, en donde adem\u00e1s comparto mi experiencia como mam\u00e1 extranjera y art\u00edculos de valor con contenido que invita a la reflexi\u00f3n.<\/p>\n\n\n\n<p><strong>By mam\u00e1 modo ON <\/strong><\/p>\n\n\n\n<p>Es la marca de &#8220;mam\u00e1 modo ON&#8221; que busca transmitir el mismo contenido de los art\u00edculos de reflexi\u00f3n publicados en las redes sociales de mam\u00e1 modo ON pero de una forma m\u00e1s gr\u00e1fica para que tu mismx puedas transmitir un mensaje empoderador, feminista y pro maternaje con cualquiera de los art\u00edculos que adquieras de la marca.<\/p>\n\n\n\n<p><strong>Contact Us<\/strong><\/p>\n\n\n\n<p>angelicafandino@mamamodoon.com<\/p>\n","protected":false},"excerpt":{"rendered":"<p>La interseccionalidad, el empowerment, la transformaci\u00f3n feminista especialmente en la maternidad y la corresponsabilidad en el trabajo del cuidado y crianza en el hogar, son &hellip; <\/p>\n","protected":false},"author":1,"featured_media":0,"parent":0,"menu_order":0,"comment_status":"closed","ping_status":"closed","template":"","meta":{"footnotes":""},"class_list":["post-119","page","type-page","status-publish","hentry","latest_post"],"yoast_head":"<!-- This site is optimized with the Yoast SEO plugin v21.2 - https:\/\/yoast.com\/wordpress\/plugins\/seo\/ -->\n<title>About this Site -<\/title>\n<meta name=\"robots\" content=\"index, follow, max-snippet:-1, max-image-preview:large, max-video-preview:-1\" \/>\n<link rel=\"canonical\" href=\"https:\/\/mamamodoon.com\/index.php\/about-this-site\/\" \/>\n<meta property=\"og:locale\" content=\"es_ES\" \/>\n<meta property=\"og:type\" content=\"article\" \/>\n<meta property=\"og:title\" content=\"About this Site -\" \/>\n<meta property=\"og:description\" content=\"La interseccionalidad, el empowerment, la transformaci\u00f3n feminista especialmente en la maternidad y la corresponsabilidad en el trabajo del cuidado y crianza en el hogar, son &hellip;\" \/>\n<meta property=\"og:url\" content=\"https:\/\/mamamodoon.com\/index.php\/about-this-site\/\" \/>\n<meta property=\"article:modified_time\" content=\"2021-09-16T20:10:10+00:00\" \/>\n<meta name=\"twitter:card\" content=\"summary_large_image\" \/>\n<meta name=\"twitter:label1\" content=\"Tiempo estimado de lectura\" \/>\n\t<meta name=\"twitter:data1\" content=\"1 minuto\" \/>\n<script type=\"application\/ld+json\" class=\"yoast-schema-graph\">{\"@context\":\"https:\/\/schema.org\",\"@graph\":[{\"@type\":\"WebPage\",\"@id\":\"https:\/\/mamamodoon.com\/index.php\/about-this-site\/\",\"url\":\"https:\/\/mamamodoon.com\/index.php\/about-this-site\/\",\"name\":\"About this Site -\",\"isPartOf\":{\"@id\":\"https:\/\/mamamodoon.com\/#website\"},\"datePublished\":\"2020-08-28T20:33:52+00:00\",\"dateModified\":\"2021-09-16T20:10:10+00:00\",\"breadcrumb\":{\"@id\":\"https:\/\/mamamodoon.com\/index.php\/about-this-site\/#breadcrumb\"},\"inLanguage\":\"es-CO\",\"potentialAction\":[{\"@type\":\"ReadAction\",\"target\":[\"https:\/\/mamamodoon.com\/index.php\/about-this-site\/\"]}]},{\"@type\":\"BreadcrumbList\",\"@id\":\"https:\/\/mamamodoon.com\/index.php\/about-this-site\/#breadcrumb\",\"itemListElement\":[{\"@type\":\"ListItem\",\"position\":1,\"name\":\"Home\",\"item\":\"https:\/\/mamamodoon.com\/\"},{\"@type\":\"ListItem\",\"position\":2,\"name\":\"About this Site\"}]},{\"@type\":\"WebSite\",\"@id\":\"https:\/\/mamamodoon.com\/#website\",\"url\":\"https:\/\/mamamodoon.com\/\",\"name\":\"Mam\u00e1 Modo ON\",\"description\":\"Inspired by gender, migration, empowerment, motherhood &amp; parenting. Powerful articles: clothing, accessories, home and handbags.   \",\"publisher\":{\"@id\":\"https:\/\/mamamodoon.com\/#\/schema\/person\/4347a133044b76ff9d769fcd49ae3fb6\"},\"potentialAction\":[{\"@type\":\"SearchAction\",\"target\":{\"@type\":\"EntryPoint\",\"urlTemplate\":\"https:\/\/mamamodoon.com\/?s={search_term_string}\"},\"query-input\":\"required name=search_term_string\"}],\"inLanguage\":\"es-CO\"},{\"@type\":[\"Person\",\"Organization\"],\"@id\":\"https:\/\/mamamodoon.com\/#\/schema\/person\/4347a133044b76ff9d769fcd49ae3fb6\",\"name\":\"Ang\u00e9lica Fandi\u00f1o Castillo\",\"image\":{\"@type\":\"ImageObject\",\"inLanguage\":\"es-CO\",\"@id\":\"https:\/\/mamamodoon.com\/#\/schema\/person\/image\/\",\"url\":\"https:\/\/i0.wp.com\/mamamodoon.com\/wp-content\/uploads\/2020\/08\/cropped-cropped-1-copia-6.jpg?fit=640%2C645&ssl=1\",\"contentUrl\":\"https:\/\/i0.wp.com\/mamamodoon.com\/wp-content\/uploads\/2020\/08\/cropped-cropped-1-copia-6.jpg?fit=640%2C645&ssl=1\",\"width\":640,\"height\":645,\"caption\":\"Ang\u00e9lica Fandi\u00f1o Castillo\"},\"logo\":{\"@id\":\"https:\/\/mamamodoon.com\/#\/schema\/person\/image\/\"},\"sameAs\":[\"http:\/\/mamamodoon.com\"]}]}<\/script>\n<!-- \/ Yoast SEO plugin. -->","yoast_head_json":{"title":"About this Site -","robots":{"index":"index","follow":"follow","max-snippet":"max-snippet:-1","max-image-preview":"max-image-preview:large","max-video-preview":"max-video-preview:-1"},"canonical":"https:\/\/mamamodoon.com\/index.php\/about-this-site\/","og_locale":"es_ES","og_type":"article","og_title":"About this Site -","og_description":"La interseccionalidad, el empowerment, la transformaci\u00f3n feminista especialmente en la maternidad y la corresponsabilidad en el trabajo del cuidado y crianza en el hogar, son &hellip;","og_url":"https:\/\/mamamodoon.com\/index.php\/about-this-site\/","article_modified_time":"2021-09-16T20:10:10+00:00","twitter_card":"summary_large_image","twitter_misc":{"Tiempo estimado de lectura":"1 minuto"},"schema":{"@context":"https:\/\/schema.org","@graph":[{"@type":"WebPage","@id":"https:\/\/mamamodoon.com\/index.php\/about-this-site\/","url":"https:\/\/mamamodoon.com\/index.php\/about-this-site\/","name":"About this Site -","isPartOf":{"@id":"https:\/\/mamamodoon.com\/#website"},"datePublished":"2020-08-28T20:33:52+00:00","dateModified":"2021-09-16T20:10:10+00:00","breadcrumb":{"@id":"https:\/\/mamamodoon.com\/index.php\/about-this-site\/#breadcrumb"},"inLanguage":"es-CO","potentialAction":[{"@type":"ReadAction","target":["https:\/\/mamamodoon.com\/index.php\/about-this-site\/"]}]},{"@type":"BreadcrumbList","@id":"https:\/\/mamamodoon.com\/index.php\/about-this-site\/#breadcrumb","itemListElement":[{"@type":"ListItem","position":1,"name":"Home","item":"https:\/\/mamamodoon.com\/"},{"@type":"ListItem","position":2,"name":"About this Site"}]},{"@type":"WebSite","@id":"https:\/\/mamamodoon.com\/#website","url":"https:\/\/mamamodoon.com\/","name":"Mam\u00e1 Modo ON","description":"Inspired by gender, migration, empowerment, motherhood &amp; parenting. Powerful articles: clothing, accessories, home and handbags.   ","publisher":{"@id":"https:\/\/mamamodoon.com\/#\/schema\/person\/4347a133044b76ff9d769fcd49ae3fb6"},"potentialAction":[{"@type":"SearchAction","target":{"@type":"EntryPoint","urlTemplate":"https:\/\/mamamodoon.com\/?s={search_term_string}"},"query-input":"required name=search_term_string"}],"inLanguage":"es-CO"},{"@type":["Person","Organization"],"@id":"https:\/\/mamamodoon.com\/#\/schema\/person\/4347a133044b76ff9d769fcd49ae3fb6","name":"Ang\u00e9lica Fandi\u00f1o Castillo","image":{"@type":"ImageObject","inLanguage":"es-CO","@id":"https:\/\/mamamodoon.com\/#\/schema\/person\/image\/","url":"https:\/\/i0.wp.com\/mamamodoon.com\/wp-content\/uploads\/2020\/08\/cropped-cropped-1-copia-6.jpg?fit=640%2C645&ssl=1","contentUrl":"https:\/\/i0.wp.com\/mamamodoon.com\/wp-content\/uploads\/2020\/08\/cropped-cropped-1-copia-6.jpg?fit=640%2C645&ssl=1","width":640,"height":645,"caption":"Ang\u00e9lica Fandi\u00f1o Castillo"},"logo":{"@id":"https:\/\/mamamodoon.com\/#\/schema\/person\/image\/"},"sameAs":["http:\/\/mamamodoon.com"]}]}},"jetpack-related-posts":[],"_links":{"self":[{"href":"https:\/\/mamamodoon.com\/index.php\/wp-json\/wp\/v2\/pages\/119","targetHints":{"allow":["GET"]}}],"collection":[{"href":"https:\/\/mamamodoon.com\/index.php\/wp-json\/wp\/v2\/pages"}],"about":[{"href":"https:\/\/mamamodoon.com\/index.php\/wp-json\/wp\/v2\/types\/page"}],"author":[{"embeddable":true,"href":"https:\/\/mamamodoon.com\/index.php\/wp-json\/wp\/v2\/users\/1"}],"replies":[{"embeddable":true,"href":"https:\/\/mamamodoon.com\/index.php\/wp-json\/wp\/v2\/comments?post=119"}],"version-history":[{"count":12,"href":"https:\/\/mamamodoon.com\/index.php\/wp-json\/wp\/v2\/pages\/119\/revisions"}],"predecessor-version":[{"id":697,"href":"https:\/\/mamamodoon.com\/index.php\/wp-json\/wp\/v2\/pages\/119\/revisions\/697"}],"wp:attachment":[{"href":"https:\/\/mamamodoon.com\/index.php\/wp-json\/wp\/v2\/media?parent=119"}],"curies":[{"name":"wp","href":"https:\/\/api.w.org\/{rel}","templated":true}]}}