{"id":134,"date":"2020-08-28T21:09:44","date_gmt":"2020-08-28T21:09:44","guid":{"rendered":"http:\/\/mamamodoon.com\/?page_id=134"},"modified":"2021-09-06T17:12:09","modified_gmt":"2021-09-06T17:12:09","slug":"shop-2","status":"publish","type":"page","link":"https:\/\/mamamodoon.com\/index.php\/shop-2\/","title":{"rendered":"By mam\u00e1 modo ON Shop"},"content":{"rendered":"\t\t<div data-elementor-type=\"wp-page\" data-elementor-id=\"134\" class=\"elementor elementor-134\">\n\t\t\t\t\t\t<section class=\"elementor-section elementor-top-section elementor-element elementor-element-8899e85 elementor-section-boxed elementor-section-height-default elementor-section-height-default\" data-id=\"8899e85\" data-element_type=\"section\" data-e-type=\"section\">\n\t\t\t\t\t\t<div class=\"elementor-container elementor-column-gap-default\">\n\t\t\t\t\t<div class=\"elementor-column elementor-col-100 elementor-top-column elementor-element elementor-element-2b985872\" data-id=\"2b985872\" data-element_type=\"column\" data-e-type=\"column\">\n\t\t\t<div class=\"elementor-widget-wrap elementor-element-populated\">\n\t\t\t\t\t\t<div class=\"elementor-element elementor-element-47a734c8 elementor-widget elementor-widget-text-editor\" data-id=\"47a734c8\" data-element_type=\"widget\" data-e-type=\"widget\" data-widget_type=\"text-editor.default\">\n\t\t\t\t<div class=\"elementor-widget-container\">\n\t\t\t\t\t\t\t\t\t\n<p>Como fundadora y creadora de contenido digital en temas de: g\u00e9nero y maternidad he decidio lanzar la marca: <em>&#8220;By mam\u00e1 modo ON&#8221;<\/em> <\/p>\n\t\t\t\t\t\t\t\t<\/div>\n\t\t\t\t<\/div>\n\t\t\t\t\t<\/div>\n\t\t<\/div>\n\t\t\t\t\t<\/div>\n\t\t<\/section>\n\t\t\t\t<section class=\"elementor-section elementor-top-section elementor-element elementor-element-e5c7e94 elementor-section-boxed elementor-section-height-default elementor-section-height-default\" data-id=\"e5c7e94\" data-element_type=\"section\" data-e-type=\"section\">\n\t\t\t\t\t\t<div class=\"elementor-container elementor-column-gap-default\">\n\t\t\t\t\t<header class=\"elementor-column elementor-col-50 elementor-top-column elementor-element elementor-element-903c6c2\" data-id=\"903c6c2\" data-element_type=\"column\" data-e-type=\"column\">\n\t\t\t<div class=\"elementor-widget-wrap\">\n\t\t\t\t\t\t\t<\/div>\n\t\t<\/header>\n\t\t\t\t<header class=\"elementor-column elementor-col-50 elementor-top-column elementor-element elementor-element-eba7c33\" data-id=\"eba7c33\" data-element_type=\"column\" data-e-type=\"column\">\n\t\t\t<div class=\"elementor-widget-wrap\">\n\t\t\t\t\t\t\t<\/div>\n\t\t<\/header>\n\t\t\t\t\t<\/div>\n\t\t<\/section>\n\t\t\t\t<section class=\"elementor-section elementor-top-section elementor-element elementor-element-c337ab7 elementor-section-boxed elementor-section-height-default elementor-section-height-default\" data-id=\"c337ab7\" data-element_type=\"section\" data-e-type=\"section\">\n\t\t\t\t\t\t<div class=\"elementor-container elementor-column-gap-default\">\n\t\t\t\t\t<div class=\"elementor-column elementor-col-50 elementor-top-column elementor-element elementor-element-af50410\" data-id=\"af50410\" data-element_type=\"column\" data-e-type=\"column\">\n\t\t\t<div class=\"elementor-widget-wrap\">\n\t\t\t\t\t\t\t<\/div>\n\t\t<\/div>\n\t\t\t\t<div class=\"elementor-column elementor-col-50 elementor-top-column elementor-element elementor-element-c7a1095\" data-id=\"c7a1095\" data-element_type=\"column\" data-e-type=\"column\">\n\t\t\t<div class=\"elementor-widget-wrap\">\n\t\t\t\t\t\t\t<\/div>\n\t\t<\/div>\n\t\t\t\t\t<\/div>\n\t\t<\/section>\n\t\t\t\t<section class=\"elementor-section elementor-top-section elementor-element elementor-element-dba9716 elementor-section-boxed elementor-section-height-default elementor-section-height-default\" data-id=\"dba9716\" data-element_type=\"section\" data-e-type=\"section\">\n\t\t\t\t\t\t<div class=\"elementor-container elementor-column-gap-default\">\n\t\t\t\t\t<div class=\"elementor-column elementor-col-50 elementor-top-column elementor-element elementor-element-554a809\" data-id=\"554a809\" data-element_type=\"column\" data-e-type=\"column\">\n\t\t\t<div class=\"elementor-widget-wrap\">\n\t\t\t\t\t\t\t<\/div>\n\t\t<\/div>\n\t\t\t\t<div class=\"elementor-column elementor-col-50 elementor-top-column elementor-element elementor-element-2b57794\" data-id=\"2b57794\" data-element_type=\"column\" data-e-type=\"column\">\n\t\t\t<div class=\"elementor-widget-wrap\">\n\t\t\t\t\t\t\t<\/div>\n\t\t<\/div>\n\t\t\t\t\t<\/div>\n\t\t<\/section>\n\t\t\t\t<section class=\"elementor-section elementor-top-section elementor-element elementor-element-9a4027c elementor-section-boxed elementor-section-height-default elementor-section-height-default\" data-id=\"9a4027c\" data-element_type=\"section\" data-e-type=\"section\">\n\t\t\t\t\t\t<div class=\"elementor-container elementor-column-gap-default\">\n\t\t\t\t\t<div class=\"elementor-column elementor-col-50 elementor-top-column elementor-element elementor-element-658e27a\" data-id=\"658e27a\" data-element_type=\"column\" data-e-type=\"column\">\n\t\t\t<div class=\"elementor-widget-wrap\">\n\t\t\t\t\t\t\t<\/div>\n\t\t<\/div>\n\t\t\t\t<div class=\"elementor-column elementor-col-50 elementor-top-column elementor-element elementor-element-f9465c0\" data-id=\"f9465c0\" data-element_type=\"column\" data-e-type=\"column\">\n\t\t\t<div class=\"elementor-widget-wrap\">\n\t\t\t\t\t\t\t<\/div>\n\t\t<\/div>\n\t\t\t\t\t<\/div>\n\t\t<\/section>\n\t\t\t\t<section class=\"elementor-section elementor-top-section elementor-element elementor-element-649b43f elementor-section-boxed elementor-section-height-default elementor-section-height-default\" data-id=\"649b43f\" data-element_type=\"section\" data-e-type=\"section\">\n\t\t\t\t\t\t<div class=\"elementor-container elementor-column-gap-default\">\n\t\t\t\t\t<div class=\"elementor-column elementor-col-50 elementor-top-column elementor-element elementor-element-aed1ae6\" data-id=\"aed1ae6\" data-element_type=\"column\" data-e-type=\"column\">\n\t\t\t<div class=\"elementor-widget-wrap\">\n\t\t\t\t\t\t\t<\/div>\n\t\t<\/div>\n\t\t\t\t<div class=\"elementor-column elementor-col-50 elementor-top-column elementor-element elementor-element-d89d522\" data-id=\"d89d522\" data-element_type=\"column\" data-e-type=\"column\">\n\t\t\t<div class=\"elementor-widget-wrap\">\n\t\t\t\t\t\t\t<\/div>\n\t\t<\/div>\n\t\t\t\t\t<\/div>\n\t\t<\/section>\n\t\t\t\t<section class=\"elementor-section elementor-top-section elementor-element elementor-element-6b595c3 elementor-section-boxed elementor-section-height-default elementor-section-height-default\" data-id=\"6b595c3\" data-element_type=\"section\" data-e-type=\"section\">\n\t\t\t\t\t\t<div class=\"elementor-container elementor-column-gap-default\">\n\t\t\t\t\t<div class=\"elementor-column elementor-col-50 elementor-top-column elementor-element elementor-element-86e2046\" data-id=\"86e2046\" data-element_type=\"column\" data-e-type=\"column\">\n\t\t\t<div class=\"elementor-widget-wrap\">\n\t\t\t\t\t\t\t<\/div>\n\t\t<\/div>\n\t\t\t\t<div class=\"elementor-column elementor-col-50 elementor-top-column elementor-element elementor-element-06450dd\" data-id=\"06450dd\" data-element_type=\"column\" data-e-type=\"column\">\n\t\t\t<div class=\"elementor-widget-wrap\">\n\t\t\t\t\t\t\t<\/div>\n\t\t<\/div>\n\t\t\t\t\t<\/div>\n\t\t<\/section>\n\t\t\t\t<\/div>\n\t\t","protected":false},"excerpt":{"rendered":"<p>Como fundadora y creadora de contenido digital en temas de: g\u00e9nero y maternidad he decidio lanzar la marca: &#8220;By mam\u00e1 modo ON&#8221;<\/p>\n","protected":false},"author":1,"featured_media":0,"parent":0,"menu_order":2,"comment_status":"closed","ping_status":"closed","template":"elementor_theme","meta":{"footnotes":""},"class_list":["post-134","page","type-page","status-publish","hentry","latest_post"],"yoast_head":"<!-- This site is optimized with the Yoast SEO plugin v21.2 - https:\/\/yoast.com\/wordpress\/plugins\/seo\/ -->\n<title>By mam\u00e1 modo ON Shop -<\/title>\n<meta name=\"robots\" content=\"index, follow, max-snippet:-1, max-image-preview:large, max-video-preview:-1\" \/>\n<link rel=\"canonical\" href=\"https:\/\/mamamodoon.com\/index.php\/shop-2\/\" \/>\n<meta property=\"og:locale\" content=\"es_ES\" \/>\n<meta property=\"og:type\" content=\"article\" \/>\n<meta property=\"og:title\" content=\"By mam\u00e1 modo ON Shop -\" \/>\n<meta property=\"og:description\" content=\"Como fundadora y creadora de contenido digital en temas de: g\u00e9nero y maternidad he decidio lanzar la marca: &#8220;By mam\u00e1 modo ON&#8221;\" \/>\n<meta property=\"og:url\" content=\"https:\/\/mamamodoon.com\/index.php\/shop-2\/\" \/>\n<meta property=\"article:modified_time\" content=\"2021-09-06T17:12:09+00:00\" \/>\n<meta name=\"twitter:card\" content=\"summary_large_image\" \/>\n<meta name=\"twitter:label1\" content=\"Tiempo estimado de lectura\" \/>\n\t<meta name=\"twitter:data1\" content=\"1 minuto\" \/>\n<script type=\"application\/ld+json\" class=\"yoast-schema-graph\">{\"@context\":\"https:\/\/schema.org\",\"@graph\":[{\"@type\":\"WebPage\",\"@id\":\"https:\/\/mamamodoon.com\/index.php\/shop-2\/\",\"url\":\"https:\/\/mamamodoon.com\/index.php\/shop-2\/\",\"name\":\"By mam\u00e1 modo ON Shop -\",\"isPartOf\":{\"@id\":\"https:\/\/mamamodoon.com\/#website\"},\"datePublished\":\"2020-08-28T21:09:44+00:00\",\"dateModified\":\"2021-09-06T17:12:09+00:00\",\"breadcrumb\":{\"@id\":\"https:\/\/mamamodoon.com\/index.php\/shop-2\/#breadcrumb\"},\"inLanguage\":\"es-CO\",\"potentialAction\":[{\"@type\":\"ReadAction\",\"target\":[\"https:\/\/mamamodoon.com\/index.php\/shop-2\/\"]}]},{\"@type\":\"BreadcrumbList\",\"@id\":\"https:\/\/mamamodoon.com\/index.php\/shop-2\/#breadcrumb\",\"itemListElement\":[{\"@type\":\"ListItem\",\"position\":1,\"name\":\"Home\",\"item\":\"https:\/\/mamamodoon.com\/\"},{\"@type\":\"ListItem\",\"position\":2,\"name\":\"By mam\u00e1 modo ON Shop\"}]},{\"@type\":\"WebSite\",\"@id\":\"https:\/\/mamamodoon.com\/#website\",\"url\":\"https:\/\/mamamodoon.com\/\",\"name\":\"Mam\u00e1 Modo ON\",\"description\":\"Inspired by gender, migration, empowerment, motherhood &amp; parenting. Powerful articles: clothing, accessories, home and handbags.   \",\"publisher\":{\"@id\":\"https:\/\/mamamodoon.com\/#\/schema\/person\/4347a133044b76ff9d769fcd49ae3fb6\"},\"potentialAction\":[{\"@type\":\"SearchAction\",\"target\":{\"@type\":\"EntryPoint\",\"urlTemplate\":\"https:\/\/mamamodoon.com\/?s={search_term_string}\"},\"query-input\":\"required name=search_term_string\"}],\"inLanguage\":\"es-CO\"},{\"@type\":[\"Person\",\"Organization\"],\"@id\":\"https:\/\/mamamodoon.com\/#\/schema\/person\/4347a133044b76ff9d769fcd49ae3fb6\",\"name\":\"Ang\u00e9lica Fandi\u00f1o Castillo\",\"image\":{\"@type\":\"ImageObject\",\"inLanguage\":\"es-CO\",\"@id\":\"https:\/\/mamamodoon.com\/#\/schema\/person\/image\/\",\"url\":\"https:\/\/i0.wp.com\/mamamodoon.com\/wp-content\/uploads\/2020\/08\/cropped-cropped-1-copia-6.jpg?fit=640%2C645&ssl=1\",\"contentUrl\":\"https:\/\/i0.wp.com\/mamamodoon.com\/wp-content\/uploads\/2020\/08\/cropped-cropped-1-copia-6.jpg?fit=640%2C645&ssl=1\",\"width\":640,\"height\":645,\"caption\":\"Ang\u00e9lica Fandi\u00f1o Castillo\"},\"logo\":{\"@id\":\"https:\/\/mamamodoon.com\/#\/schema\/person\/image\/\"},\"sameAs\":[\"http:\/\/mamamodoon.com\"]}]}<\/script>\n<!-- \/ Yoast SEO plugin. -->","yoast_head_json":{"title":"By mam\u00e1 modo ON Shop -","robots":{"index":"index","follow":"follow","max-snippet":"max-snippet:-1","max-image-preview":"max-image-preview:large","max-video-preview":"max-video-preview:-1"},"canonical":"https:\/\/mamamodoon.com\/index.php\/shop-2\/","og_locale":"es_ES","og_type":"article","og_title":"By mam\u00e1 modo ON Shop -","og_description":"Como fundadora y creadora de contenido digital en temas de: g\u00e9nero y maternidad he decidio lanzar la marca: &#8220;By mam\u00e1 modo ON&#8221;","og_url":"https:\/\/mamamodoon.com\/index.php\/shop-2\/","article_modified_time":"2021-09-06T17:12:09+00:00","twitter_card":"summary_large_image","twitter_misc":{"Tiempo estimado de lectura":"1 minuto"},"schema":{"@context":"https:\/\/schema.org","@graph":[{"@type":"WebPage","@id":"https:\/\/mamamodoon.com\/index.php\/shop-2\/","url":"https:\/\/mamamodoon.com\/index.php\/shop-2\/","name":"By mam\u00e1 modo ON Shop -","isPartOf":{"@id":"https:\/\/mamamodoon.com\/#website"},"datePublished":"2020-08-28T21:09:44+00:00","dateModified":"2021-09-06T17:12:09+00:00","breadcrumb":{"@id":"https:\/\/mamamodoon.com\/index.php\/shop-2\/#breadcrumb"},"inLanguage":"es-CO","potentialAction":[{"@type":"ReadAction","target":["https:\/\/mamamodoon.com\/index.php\/shop-2\/"]}]},{"@type":"BreadcrumbList","@id":"https:\/\/mamamodoon.com\/index.php\/shop-2\/#breadcrumb","itemListElement":[{"@type":"ListItem","position":1,"name":"Home","item":"https:\/\/mamamodoon.com\/"},{"@type":"ListItem","position":2,"name":"By mam\u00e1 modo ON Shop"}]},{"@type":"WebSite","@id":"https:\/\/mamamodoon.com\/#website","url":"https:\/\/mamamodoon.com\/","name":"Mam\u00e1 Modo ON","description":"Inspired by gender, migration, empowerment, motherhood &amp; parenting. Powerful articles: clothing, accessories, home and handbags.   ","publisher":{"@id":"https:\/\/mamamodoon.com\/#\/schema\/person\/4347a133044b76ff9d769fcd49ae3fb6"},"potentialAction":[{"@type":"SearchAction","target":{"@type":"EntryPoint","urlTemplate":"https:\/\/mamamodoon.com\/?s={search_term_string}"},"query-input":"required name=search_term_string"}],"inLanguage":"es-CO"},{"@type":["Person","Organization"],"@id":"https:\/\/mamamodoon.com\/#\/schema\/person\/4347a133044b76ff9d769fcd49ae3fb6","name":"Ang\u00e9lica Fandi\u00f1o Castillo","image":{"@type":"ImageObject","inLanguage":"es-CO","@id":"https:\/\/mamamodoon.com\/#\/schema\/person\/image\/","url":"https:\/\/i0.wp.com\/mamamodoon.com\/wp-content\/uploads\/2020\/08\/cropped-cropped-1-copia-6.jpg?fit=640%2C645&ssl=1","contentUrl":"https:\/\/i0.wp.com\/mamamodoon.com\/wp-content\/uploads\/2020\/08\/cropped-cropped-1-copia-6.jpg?fit=640%2C645&ssl=1","width":640,"height":645,"caption":"Ang\u00e9lica Fandi\u00f1o Castillo"},"logo":{"@id":"https:\/\/mamamodoon.com\/#\/schema\/person\/image\/"},"sameAs":["http:\/\/mamamodoon.com"]}]}},"jetpack-related-posts":[],"_links":{"self":[{"href":"https:\/\/mamamodoon.com\/index.php\/wp-json\/wp\/v2\/pages\/134","targetHints":{"allow":["GET"]}}],"collection":[{"href":"https:\/\/mamamodoon.com\/index.php\/wp-json\/wp\/v2\/pages"}],"about":[{"href":"https:\/\/mamamodoon.com\/index.php\/wp-json\/wp\/v2\/types\/page"}],"author":[{"embeddable":true,"href":"https:\/\/mamamodoon.com\/index.php\/wp-json\/wp\/v2\/users\/1"}],"replies":[{"embeddable":true,"href":"https:\/\/mamamodoon.com\/index.php\/wp-json\/wp\/v2\/comments?post=134"}],"version-history":[{"count":7,"href":"https:\/\/mamamodoon.com\/index.php\/wp-json\/wp\/v2\/pages\/134\/revisions"}],"predecessor-version":[{"id":528,"href":"https:\/\/mamamodoon.com\/index.php\/wp-json\/wp\/v2\/pages\/134\/revisions\/528"}],"wp:attachment":[{"href":"https:\/\/mamamodoon.com\/index.php\/wp-json\/wp\/v2\/media?parent=134"}],"curies":[{"name":"wp","href":"https:\/\/api.w.org\/{rel}","templated":true}]}}